{"id":2585,"date":"2018-08-23T02:55:56","date_gmt":"2018-08-23T00:55:56","guid":{"rendered":"https:\/\/www.amcargo.es\/?page_id=2585"},"modified":"2019-09-24T13:19:43","modified_gmt":"2019-09-24T11:19:43","slug":"%d0%bf%d0%b5%d1%80%d0%b5%d0%b2%d0%be%d0%b7%d0%ba%d0%b0-%d0%b0%d0%b2%d1%82%d0%be%d1%82%d1%80%d0%b0%d0%bd%d1%81%d0%bf%d0%be%d1%80%d1%82%d0%b0","status":"publish","type":"page","link":"https:\/\/www.amcargo.es\/ru\/%d0%bc%d0%be%d1%80%d1%81%d0%ba%d0%b8%d0%b5-%d0%bf%d0%b5%d1%80%d0%b5%d0%b2%d0%be%d0%b7%d0%ba%d0%b8\/%d0%bf%d0%b5%d1%80%d0%b5%d0%b2%d0%be%d0%b7%d0%ba%d0%b0-%d0%b0%d0%b2%d1%82%d0%be%d1%82%d1%80%d0%b0%d0%bd%d1%81%d0%bf%d0%be%d1%80%d1%82%d0%b0\/","title":{"rendered":"Transporte Mar\u00edtimo de Mercanc\u00eda Rodante (RO-RO) (ru)"},"content":{"rendered":"<p>[vc_row el_class=&#8221;pages-with-revolution-slider&#8221;][vc_column][rev_slider_vc alias=&#8221;ru-servicio-transporte-maritimo-de-mercancia-rodante&#8221;][\/vc_column][\/vc_row][vc_row full_width=&#8221;stretch_row&#8221; css=&#8221;.vc_custom_1510334330955{margin-top: 40px !important;background-position: 0 0 !important;background-repeat: no-repeat !important;}&#8221;][vc_column offset=&#8221;vc_col-lg-offset-1 vc_col-lg-10 vc_col-xs-12&#8243;][vc_empty_space height=&#8221;1.8em&#8221; alter_height=&#8221;none&#8221; hide_on_mobile=&#8221;&#8221;][vc_column_text]<\/p>\n<h1 class=\"title-service\">\u041f\u0435\u0440\u0435\u0432\u043e\u0437\u043a\u0430 \u0410\u0432\u0442\u043e\u0442\u0440\u0430\u043d\u0441\u043f\u043e\u0440\u0442\u0430 (RO-RO)<\/h1>\n<p>[\/vc_column_text][vc_empty_space height=&#8221;2em&#8221; alter_height=&#8221;none&#8221; hide_on_mobile=&#8221;&#8221;][vc_column_text]\u0422\u0435\u0440\u043c\u0438\u043d R\u041e-R\u041e (\u043e\u0442 \u0430\u043d\u0433\u043b. Roll on \u2014 Roll off) \u043e\u0431\u043e\u0437\u043d\u0430\u0447\u0430\u0435\u0442 \u0432\u0438\u0434 \u043c\u043e\u0440\u0441\u043a\u043e\u0439 \u043f\u0435\u0440\u0435\u0432\u043e\u0437\u043a\u0438, \u043a\u043e\u0442\u043e\u0440\u044b\u0439 \u0438\u0441\u043f\u043e\u043b\u044c\u0437\u0443\u0435\u0442\u0441\u044f \u0434\u043b\u044f \u0442\u0440\u0430\u043d\u0441\u043f\u043e\u0440\u0442\u0438\u0440\u043e\u0432\u043a\u0438 \u0440\u0430\u0437\u043b\u0438\u0447\u043d\u043e\u0439 \u043a\u043e\u043b\u0435\u0441\u043d\u043e\u0439 \u0442\u0435\u0445\u043d\u0438\u043a\u0438. \u0422\u0430\u043a\u0438\u0435 \u0441\u0443\u0434\u043d\u0430 \u043e\u0441\u043d\u0430\u0449\u0435\u043d\u044b \u043f\u0430\u043d\u0434\u0443\u0441\u0430\u043c\u0438 \u0438 \u043d\u0435\u0442 \u043d\u0435\u043e\u0431\u0445\u043e\u0434\u0438\u043c\u043e\u0441\u0442\u0438 \u0432 \u043f\u043e\u0433\u0440\u0443\u0437\u043e-\u0440\u0430\u0437\u0433\u0440\u0443\u0437\u043e\u0447\u043d\u044b\u0445 \u0440\u0430\u0431\u043e\u0442\u0430\u0445 (\u0438\u0441\u043f\u043e\u043b\u044c\u0437\u043e\u0432\u0430\u043d\u0438\u0438 \u043f\u043e\u0434\u044a\u0435\u043c\u043d\u044b\u0445 \u043a\u0440\u0430\u043d\u043e\u0432) \u0432 \u043f\u043e\u0440\u0442\u0430\u0445 \u043e\u0442\u043f\u0440\u0430\u0432\u043b\u0435\u043d\u0438\u044f \u0438 \u043f\u0440\u0438\u0431\u044b\u0442\u0438\u044f.<\/p>\n<p>\u041d\u0430\u0448\u0430 \u043a\u043e\u043c\u043f\u0430\u043d\u0438\u044f \u0438\u043c\u0435\u0435\u0442 \u0441\u043e\u0433\u043b\u0430\u0448\u0435\u043d\u0438\u044f \u0441 \u043e\u0441\u043d\u043e\u0432\u043d\u044b\u043c\u0438 \u043f\u043e\u0440\u0442\u043e\u0432\u044b\u043c\u0438 \u0442\u0435\u0440\u043c\u0438\u043d\u0430\u043b\u0430\u043c\u0438 \u0438 \u0440\u0435\u0433\u0443\u043b\u044f\u0440\u043d\u043e \u043e\u0431\u0441\u043b\u0443\u0436\u0438\u0432\u0430\u0435\u0442 \u0431\u043e\u043b\u044c\u0448\u043e\u0435 \u043a\u043e\u043b\u0438\u0447\u0435\u0441\u0442\u0432\u043e \u0433\u0440\u0443\u0437\u043e\u0432, \u0441\u043f\u0435\u0446\u0438\u0430\u043b\u0438\u0437\u0438\u0440\u0443\u044e\u0449\u0438\u0445\u0441\u044f \u043d\u0430 \u0442\u0440\u0430\u043d\u0441\u043f\u043e\u0440\u0442\u0438\u0440\u043e\u0432\u043a\u0435 \u043a\u043e\u043b\u0435\u0441\u043d\u043e\u0439 \u0442\u0435\u0445\u043d\u0438\u043a\u0438 RO\/RO: Messina, Grimaldi, Suard\u00edaz, NYK \u0438 \u0442. \u0434.[\/vc_column_text][\/vc_column][\/vc_row][vc_row][vc_column width=&#8221;1\/6&#8243;][\/vc_column][vc_column width=&#8221;2\/3&#8243; el_id=&#8221;presupuesto&#8221; offset=&#8221;vc_hidden-lg vc_hidden-md&#8221;][vc_empty_space height=&#8221;4.8em&#8221; alter_height=&#8221;none&#8221; hide_on_mobile=&#8221;&#8221;][vc_column_text]<\/p>\n<h3>Pide presupuesto sin compromiso<\/h3>\n<p>[\/vc_column_text][vc_empty_space height=&#8221;2em&#8221; alter_height=&#8221;none&#8221; hide_on_mobile=&#8221;&#8221;]<div role=\"form\" class=\"wpcf7\" id=\"wpcf7-f2047-o1\" lang=\"es-ES\" dir=\"ltr\">\n<div class=\"screen-reader-response\"><p role=\"status\" aria-live=\"polite\" aria-atomic=\"true\"><\/p> <ul><\/ul><\/div>\n<form action=\"\/ru\/wp-json\/wp\/v2\/pages\/2585#wpcf7-f2047-o1\" method=\"post\" class=\"wpcf7-form init wpcf7-acceptance-as-validation\" novalidate=\"novalidate\" data-status=\"init\">\n<div style=\"display: none;\">\n<input type=\"hidden\" name=\"_wpcf7\" value=\"2047\" \/>\n<input type=\"hidden\" name=\"_wpcf7_version\" value=\"5.4.2\" \/>\n<input type=\"hidden\" name=\"_wpcf7_locale\" value=\"es_ES\" \/>\n<input type=\"hidden\" name=\"_wpcf7_unit_tag\" value=\"wpcf7-f2047-o1\" \/>\n<input type=\"hidden\" name=\"_wpcf7_container_post\" value=\"0\" \/>\n<input type=\"hidden\" name=\"_wpcf7_posted_data_hash\" value=\"\" \/>\n<input type=\"hidden\" name=\"_wpcf7cf_hidden_group_fields\" value=\"\" \/>\n<input type=\"hidden\" name=\"_wpcf7cf_hidden_groups\" value=\"\" \/>\n<input type=\"hidden\" name=\"_wpcf7cf_visible_groups\" value=\"\" \/>\n<input type=\"hidden\" name=\"_wpcf7cf_repeaters\" value=\"[]\" \/>\n<input type=\"hidden\" name=\"_wpcf7cf_steps\" value=\"{}\" \/>\n<input type=\"hidden\" name=\"_wpcf7cf_options\" value=\"{&quot;form_id&quot;:2047,&quot;conditions&quot;:[{&quot;then_field&quot;:&quot;valencia-group&quot;,&quot;and_rules&quot;:[{&quot;if_field&quot;:&quot;oficina&quot;,&quot;operator&quot;:&quot;equals&quot;,&quot;if_value&quot;:&quot;Central (Valencia)&quot;}]},{&quot;then_field&quot;:&quot;barcelona-group&quot;,&quot;and_rules&quot;:[{&quot;if_field&quot;:&quot;oficina&quot;,&quot;operator&quot;:&quot;equals&quot;,&quot;if_value&quot;:&quot;Barcelona&quot;}]},{&quot;then_field&quot;:&quot;bilbao-group&quot;,&quot;and_rules&quot;:[{&quot;if_field&quot;:&quot;oficina&quot;,&quot;operator&quot;:&quot;equals&quot;,&quot;if_value&quot;:&quot;Bilbao&quot;}]},{&quot;then_field&quot;:&quot;castellon-group&quot;,&quot;and_rules&quot;:[{&quot;if_field&quot;:&quot;oficina&quot;,&quot;operator&quot;:&quot;equals&quot;,&quot;if_value&quot;:&quot;Castellon&quot;}]},{&quot;then_field&quot;:&quot;madrid-group&quot;,&quot;and_rules&quot;:[{&quot;if_field&quot;:&quot;oficina&quot;,&quot;operator&quot;:&quot;equals&quot;,&quot;if_value&quot;:&quot;Madrid&quot;}]},{&quot;then_field&quot;:&quot;zaragoza-group&quot;,&quot;and_rules&quot;:[{&quot;if_field&quot;:&quot;oficina&quot;,&quot;operator&quot;:&quot;equals&quot;,&quot;if_value&quot;:&quot;Zaragoza&quot;}]},{&quot;then_field&quot;:&quot;valencia-group&quot;,&quot;and_rules&quot;:[{&quot;if_field&quot;:&quot;email&quot;,&quot;operator&quot;:&quot;equals&quot;,&quot;if_value&quot;:&quot;Central (Valencia)&quot;}]},{&quot;then_field&quot;:&quot;barcelona-group&quot;,&quot;and_rules&quot;:[{&quot;if_field&quot;:&quot;email&quot;,&quot;operator&quot;:&quot;equals&quot;,&quot;if_value&quot;:&quot;Barcelona&quot;}]},{&quot;then_field&quot;:&quot;bilbao-group&quot;,&quot;and_rules&quot;:[{&quot;if_field&quot;:&quot;email&quot;,&quot;operator&quot;:&quot;equals&quot;,&quot;if_value&quot;:&quot;Bilbao&quot;}]},{&quot;then_field&quot;:&quot;castellon-group&quot;,&quot;and_rules&quot;:[{&quot;if_field&quot;:&quot;email&quot;,&quot;operator&quot;:&quot;equals&quot;,&quot;if_value&quot;:&quot;Castellon&quot;}]},{&quot;then_field&quot;:&quot;madrid-group&quot;,&quot;and_rules&quot;:[{&quot;if_field&quot;:&quot;email&quot;,&quot;operator&quot;:&quot;equals&quot;,&quot;if_value&quot;:&quot;Madrid&quot;}]},{&quot;then_field&quot;:&quot;zaragoza-group&quot;,&quot;and_rules&quot;:[{&quot;if_field&quot;:&quot;email&quot;,&quot;operator&quot;:&quot;equals&quot;,&quot;if_value&quot;:&quot;Zaragoza&quot;}]}],&quot;settings&quot;:{&quot;animation&quot;:&quot;yes&quot;,&quot;animation_intime&quot;:200,&quot;animation_outtime&quot;:200,&quot;conditions_ui&quot;:&quot;normal&quot;,&quot;notice_dismissed&quot;:false,&quot;notice_dismissed_rollback-cf7-5.4.1&quot;:true}}\" \/>\n<\/div>\n<div class=\"columns_wrap\">\n<div class=\"column-1_2\"><span class=\"wpcf7-form-control-wrap origen\"><input type=\"text\" name=\"origen\" value=\"\" size=\"40\" class=\"wpcf7-form-control wpcf7-text wpcf7-validates-as-required\" aria-required=\"true\" aria-invalid=\"false\" placeholder=\"Origen *\" \/><\/span><\/div>\n<div class=\"column-1_2\"><span class=\"wpcf7-form-control-wrap destino\"><input type=\"text\" name=\"destino\" value=\"\" size=\"40\" class=\"wpcf7-form-control wpcf7-text wpcf7-validates-as-required\" aria-required=\"true\" aria-invalid=\"false\" placeholder=\"Destino *\" \/><\/span><\/div>\n<div class=\"column-1_2\"><span class=\"wpcf7-form-control-wrap fecha-prevista\"><input type=\"date\" name=\"fecha-prevista\" value=\"\" class=\"wpcf7-form-control wpcf7-date wpcf7-validates-as-date\" aria-invalid=\"false\" placeholder=\"Fecha prevista\" \/><\/span><\/div>\n<div class=\"column-1_1\"><span class=\"wpcf7-form-control-wrap descripcion\"><textarea name=\"descripcion\" cols=\"40\" rows=\"4\" class=\"wpcf7-form-control wpcf7-textarea wpcf7-validates-as-required\" aria-required=\"true\" aria-invalid=\"false\" placeholder=\"Describe tu env\u00edo *\"><\/textarea><\/span><\/div>\n<div class=\"column-1_2\"><span class=\"wpcf7-form-control-wrap fname\"><input type=\"text\" name=\"fname\" value=\"\" size=\"40\" class=\"wpcf7-form-control wpcf7-text wpcf7-validates-as-required\" aria-required=\"true\" aria-invalid=\"false\" placeholder=\"Nombre *\" \/><\/span><\/div>\n<div class=\"column-1_2\"><span class=\"wpcf7-form-control-wrap email\"><input type=\"email\" name=\"email\" value=\"\" size=\"40\" class=\"wpcf7-form-control wpcf7-text wpcf7-email wpcf7-validates-as-required wpcf7-validates-as-email\" aria-required=\"true\" aria-invalid=\"false\" placeholder=\"Email *\" \/><\/span><\/div>\n<div class=\"column-1_2\"><span class=\"wpcf7-form-control-wrap telefono\"><input type=\"tel\" name=\"telefono\" value=\"\" size=\"40\" class=\"wpcf7-form-control wpcf7-text wpcf7-tel wpcf7-validates-as-required wpcf7-validates-as-tel\" aria-required=\"true\" aria-invalid=\"false\" placeholder=\"Telefono *\" \/><\/span><\/div>\n<div class=\"column-1_2\"><span class=\"wpcf7-form-control-wrap oficina\"><select name=\"oficina\" class=\"wpcf7-form-control wpcf7-select wpcf7-validates-as-required\" aria-required=\"true\" aria-invalid=\"false\"><option value=\"\">---<\/option><option value=\"Central (Valencia)\">Central (Valencia)<\/option><option value=\"Barcelona\">Barcelona<\/option><option value=\"Bilbao\">Bilbao<\/option><option value=\"Castell\u00f3n\">Castell\u00f3n<\/option><option value=\"Madrid\">Madrid<\/option><option value=\"Zaragoza\">Zaragoza<\/option><\/select><\/span>Oficina de AMCARGO *<\/div>\n<div class=\"column-1_2\"><b><\/p>\n<div data-id=\"valencia-group\" data-orig_data_id=\"valencia-group\"  data-class=\"wpcf7cf_group\">Su correo se enviar\u00e1 a la oficina de VALENCIA<\/div>\n<div data-id=\"barcelona-group\" data-orig_data_id=\"barcelona-group\"  data-class=\"wpcf7cf_group\">Su correo se enviar\u00e1 a la oficina de BARCELONA<\/div>\n<div data-id=\"bilbao-group\" data-orig_data_id=\"bilbao-group\"  data-class=\"wpcf7cf_group\">Su correo se enviar\u00e1 a la oficina de BILBAO<\/div>\n<div data-id=\"castellon-group\" data-orig_data_id=\"castellon-group\"  data-class=\"wpcf7cf_group\">Su correo se enviar\u00e1 a la oficina de CASTELLON<\/div>\n<div data-id=\"madrid-group\" data-orig_data_id=\"madrid-group\"  data-class=\"wpcf7cf_group\">Su correo se enviar\u00e1 a la oficina de MADRID<\/div>\n<div data-id=\"zaragoza-group\" data-orig_data_id=\"zaragoza-group\"  data-class=\"wpcf7cf_group\">Su correo se enviar\u00e1 a la oficina de ZARAGOZA<\/div>\n<\/div>\n<p><\/b><\/p>\n<div class=\"column-1_2\"><span class=\"wpcf7-form-control-wrap empresa\"><input type=\"text\" name=\"empresa\" value=\"\" size=\"40\" class=\"wpcf7-form-control wpcf7-text\" aria-invalid=\"false\" placeholder=\"Empresa\" \/><\/span><\/div>\n<div class=\"column-1_2 column-mobile-full\"><span id=\"wpcf7-69f42a051460b-wrapper\" class=\"wpcf7-form-control-wrap quiero-recibir-informacion-por-email-wrap\" style=\"display:none !important; visibility:hidden !important;\"><label for=\"wpcf7-69f42a051460b-field\" class=\"hp-message\">Please leave this field empty.<\/label><input id=\"wpcf7-69f42a051460b-field\"  class=\"wpcf7-form-control wpcf7-text\" type=\"text\" name=\"quiero-recibir-informacion-por-email\" value=\"\" size=\"40\" tabindex=\"-1\" autocomplete=\"new-password\" \/><\/span><span class=\"wpcf7-form-control-wrap accept-this\"><span class=\"wpcf7-form-control wpcf7-acceptance\"><span class=\"wpcf7-list-item\"><input type=\"checkbox\" name=\"accept-this\" value=\"1\" aria-invalid=\"false\" id=\"politica_privacidad_maritimo\" \/><\/span><\/span><\/span> <label for=\"politica_privacidad_maritimo\">Acepto la <a href=\"https:\/\/www.amcargo.es\/aviso-legal-y-politica-de-privacidad\/\" rel=\"nofollow\" target=\"_blank\">pol\u00edtica de privacidad<\/a> *<\/label><\/div>\n<div class=\"column-1_2 column-mobile-full text-right\"><small>* Los campos con asterisco son obligatorios<\/small><\/div>\n<div class=\"column-1_3 column-mobile-full enviarformulario text-left\"><input type=\"submit\" value=\"Solicitar\" class=\"wpcf7-form-control wpcf7-submit\" \/><\/div>\n<div class=\"column-2_3 column-mobile-full info_datos\">INFORMACI\u00d3N B\u00c1SICA SOBRE PROTECCI\u00d3N DE DATOS: <strong>Responsable<\/strong>: AM CARGO LOGISTIC SL. <strong>Finalidad<\/strong>: Gestionar la solicitud que realizas en este formulario de contacto. <strong>Legitimaci\u00f3n<\/strong>: Consentimiento del interesado. <strong>Destinatarios<\/strong>: No se ceder\u00e1n a terceros salvo obligaci\u00f3n legal. <strong>Derechos<\/strong>: Puedes ejercitar en cualquier momento tus derechos de acceso, rectificaci\u00f3n, supresi\u00f3n, oposici\u00f3n y dem\u00e1s derechos legalmente establecidos a trav\u00e9s del <a href=\"https:\/\/www.amcargo.es\/contacto\/\" rel=\"nofollow\" target=\"_blank\">formulario de contacto<\/a>. <strong>INFORMACI\u00d3N ADICIONAL<\/strong>: Puedes consultar la informaci\u00f3n adicional y detallada sobre protecci\u00f3n de datos <a href=\"https:\/\/www.amcargo.es\/aviso-legal-y-politica-de-privacidad\/\" rel=\"nofollow\" target=\"_blank\">aqu\u00ed<\/a>.\n<input type=\"hidden\" name=\"formulario\" value=\"Formulario Transporte Mar\u00edtimo - Ro-Ro\" class=\"wpcf7-form-control wpcf7-hidden\" \/>\n<input type=\"hidden\" name=\"idioma\" value=\"ES\" class=\"wpcf7-form-control wpcf7-hidden\" \/>\n<input type=\"hidden\" name=\"jetpackcrm-add\" value=\"jetpackcrm-add\" class=\"wpcf7-form-control wpcf7-hidden\" \/>\n<input type=\"hidden\" name=\"status\" value=\"Lead\" class=\"wpcf7-form-control wpcf7-hidden\" \/>\n<\/div>\n<\/div>\n<input type=\"hidden\" id=\"ct_checkjs_cf7_a01a0380ca3c61428c26a231f0e49a09\" name=\"ct_checkjs_cf7\" value=\"0\" \/><div class=\"wpcf7-response-output\" aria-hidden=\"true\"><\/div><\/form><\/div>[\/vc_column][vc_column width=&#8221;1\/6&#8243;][\/vc_column][\/vc_row]<\/p>\n","protected":false},"excerpt":{"rendered":"<p>[vc_row el_class=&#8221;pages-with-revolution-slider&#8221;][vc_column][rev_slider_vc alias=&#8221;ru-servicio-transporte-maritimo-de-mercancia-rodante&#8221;][\/vc_column][\/vc_row][vc_row full_width=&#8221;stretch_row&#8221; css=&#8221;.vc_custom_1510334330955{margin-top: 40px !important;background-position: 0 0 !important;background-repeat: no-repeat !important;}&#8221;][vc_column offset=&#8221;vc_col-lg-offset-1 vc_col-lg-10 vc_col-xs-12&#8243;][vc_empty_space height=&#8221;1.8em&#8221; alter_height=&#8221;none&#8221; hide_on_mobile=&#8221;&#8221;][vc_column_text] \u041f\u0435\u0440\u0435\u0432\u043e\u0437\u043a\u0430 \u0410\u0432\u0442\u043e\u0442\u0440\u0430\u043d\u0441\u043f\u043e\u0440\u0442\u0430 (RO-RO) [\/vc_column_text][vc_empty_space height=&#8221;2em&#8221; alter_height=&#8221;none&#8221; hide_on_mobile=&#8221;&#8221;][vc_column_text]\u0422\u0435\u0440\u043c\u0438\u043d R\u041e-R\u041e (\u043e\u0442 \u0430\u043d\u0433\u043b. Roll on \u2014 Roll off) \u043e\u0431\u043e\u0437\u043d\u0430\u0447\u0430\u0435\u0442 \u0432\u0438\u0434 \u043c\u043e\u0440\u0441\u043a\u043e\u0439 \u043f\u0435\u0440\u0435\u0432\u043e\u0437\u043a\u0438, \u043a\u043e\u0442\u043e\u0440\u044b\u0439 \u0438\u0441\u043f\u043e\u043b\u044c\u0437\u0443\u0435\u0442\u0441\u044f \u0434\u043b\u044f \u0442\u0440\u0430\u043d\u0441\u043f\u043e\u0440\u0442\u0438\u0440\u043e\u0432\u043a\u0438 \u0440\u0430\u0437\u043b\u0438\u0447\u043d\u043e\u0439 \u043a\u043e\u043b\u0435\u0441\u043d\u043e\u0439 \u0442\u0435\u0445\u043d\u0438\u043a\u0438. \u0422\u0430\u043a\u0438\u0435 \u0441\u0443\u0434\u043d\u0430 \u043e\u0441\u043d\u0430\u0449\u0435\u043d\u044b \u043f\u0430\u043d\u0434\u0443\u0441\u0430\u043c\u0438 \u0438 \u043d\u0435\u0442 \u043d\u0435\u043e\u0431\u0445\u043e\u0434\u0438\u043c\u043e\u0441\u0442\u0438 \u0432 \u043f\u043e\u0433\u0440\u0443\u0437\u043e-\u0440\u0430\u0437\u0433\u0440\u0443\u0437\u043e\u0447\u043d\u044b\u0445 \u0440\u0430\u0431\u043e\u0442\u0430\u0445 (\u0438\u0441\u043f\u043e\u043b\u044c\u0437\u043e\u0432\u0430\u043d\u0438\u0438 &hellip;<\/p>\n<p class=\"read-more\"> <a class=\"\" href=\"https:\/\/www.amcargo.es\/ru\/%d0%bc%d0%be%d1%80%d1%81%d0%ba%d0%b8%d0%b5-%d0%bf%d0%b5%d1%80%d0%b5%d0%b2%d0%be%d0%b7%d0%ba%d0%b8\/%d0%bf%d0%b5%d1%80%d0%b5%d0%b2%d0%be%d0%b7%d0%ba%d0%b0-%d0%b0%d0%b2%d1%82%d0%be%d1%82%d1%80%d0%b0%d0%bd%d1%81%d0%bf%d0%be%d1%80%d1%82%d0%b0\/\"> <span class=\"screen-reader-text\">Transporte Mar\u00edtimo de Mercanc\u00eda Rodante (RO-RO) (ru)<\/span> \u0427\u0438\u0442\u0430\u0442\u044c \u043f\u043e\u043b\u043d\u043e\u0441\u0442\u044c\u044e &raquo;<\/a><\/p>\n","protected":false},"author":6,"featured_media":0,"parent":2484,"menu_order":0,"comment_status":"closed","ping_status":"closed","template":"","meta":[],"_links":{"self":[{"href":"https:\/\/www.amcargo.es\/ru\/wp-json\/wp\/v2\/pages\/2585"}],"collection":[{"href":"https:\/\/www.amcargo.es\/ru\/wp-json\/wp\/v2\/pages"}],"about":[{"href":"https:\/\/www.amcargo.es\/ru\/wp-json\/wp\/v2\/types\/page"}],"author":[{"embeddable":true,"href":"https:\/\/www.amcargo.es\/ru\/wp-json\/wp\/v2\/users\/6"}],"replies":[{"embeddable":true,"href":"https:\/\/www.amcargo.es\/ru\/wp-json\/wp\/v2\/comments?post=2585"}],"version-history":[{"count":7,"href":"https:\/\/www.amcargo.es\/ru\/wp-json\/wp\/v2\/pages\/2585\/revisions"}],"predecessor-version":[{"id":6393,"href":"https:\/\/www.amcargo.es\/ru\/wp-json\/wp\/v2\/pages\/2585\/revisions\/6393"}],"up":[{"embeddable":true,"href":"https:\/\/www.amcargo.es\/ru\/wp-json\/wp\/v2\/pages\/2484"}],"wp:attachment":[{"href":"https:\/\/www.amcargo.es\/ru\/wp-json\/wp\/v2\/media?parent=2585"}],"curies":[{"name":"wp","href":"https:\/\/api.w.org\/{rel}","templated":true}]}}