{"id":2309,"date":"2018-08-09T10:19:36","date_gmt":"2018-08-09T08:19:36","guid":{"rendered":"https:\/\/www.amcargo.es\/?page_id=2309"},"modified":"2019-09-24T12:53:21","modified_gmt":"2019-09-24T10:53:21","slug":"road-transport-intermodal","status":"publish","type":"page","link":"https:\/\/www.amcargo.es\/en\/road-transport-intermodal\/","title":{"rendered":"Transporte Terrestre\/Intermodal (en)"},"content":{"rendered":"<p>[vc_row el_class=&#8221;pages-with-revolution-slider&#8221;][vc_column][rev_slider_vc alias=&#8221;en-servicio-transporte-terrestre-intermodal&#8221;][\/vc_column][\/vc_row][vc_row full_width=&#8221;stretch_row&#8221; css=&#8221;.vc_custom_1510334330955{margin-top: 40px !important;background-position: 0 0 !important;background-repeat: no-repeat !important;}&#8221;][vc_column offset=&#8221;vc_col-lg-offset-1 vc_col-lg-10 vc_col-xs-12&#8243;][vc_empty_space height=&#8221;1.8em&#8221; alter_height=&#8221;none&#8221; hide_on_mobile=&#8221;&#8221;][vc_column_text]<\/p>\n<h1 class=\"title-service\">Road Transport\/Intermodal<\/h1>\n<p>[\/vc_column_text][vc_empty_space height=&#8221;2em&#8221; alter_height=&#8221;none&#8221; hide_on_mobile=&#8221;&#8221;][vc_column_text]<strong>WIDE FLEET OF TRUCKS<\/strong>[\/vc_column_text][vc_empty_space height=&#8221;1.5em&#8221; alter_height=&#8221;none&#8221; hide_on_mobile=&#8221;&#8221;][vc_column_text]AM Cargo covers its transport needs with its own fleet of 36 trucks and the indirect employment of more than 100 hauliers, which are working regularly on: national container transport service, national and international transport, and collection\/deliveries of merchandises in general.<\/p>\n<p>The large fleet of trucks and the efficient management of interior transport, allows AM Cargo to shorten the delivery times for its customers on their import\/export operations.<\/p>\n<p><img loading=\"lazy\" class=\"aligncenter wp-image-1621 size-full\" src=\"https:\/\/www.amcargo.es\/wp-content\/uploads\/2018\/02\/flota-camiones-amcargo.jpg\" alt=\"Flota de camiones AM Cargo\" width=\"1920\" height=\"766\" srcset=\"https:\/\/www.amcargo.es\/wp-content\/uploads\/2018\/02\/flota-camiones-amcargo.jpg 1920w, https:\/\/www.amcargo.es\/wp-content\/uploads\/2018\/02\/flota-camiones-amcargo-300x120.jpg 300w, https:\/\/www.amcargo.es\/wp-content\/uploads\/2018\/02\/flota-camiones-amcargo-768x306.jpg 768w, https:\/\/www.amcargo.es\/wp-content\/uploads\/2018\/02\/flota-camiones-amcargo-1024x409.jpg 1024w, https:\/\/www.amcargo.es\/wp-content\/uploads\/2018\/02\/flota-camiones-amcargo-370x148.jpg 370w, https:\/\/www.amcargo.es\/wp-content\/uploads\/2018\/02\/flota-camiones-amcargo-770x307.jpg 770w, https:\/\/www.amcargo.es\/wp-content\/uploads\/2018\/02\/flota-camiones-amcargo-20x8.jpg 20w\" sizes=\"(max-width: 1920px) 100vw, 1920px\" \/>[\/vc_column_text][vc_empty_space height=&#8221;2em&#8221; alter_height=&#8221;none&#8221; hide_on_mobile=&#8221;&#8221;][vc_column_text]<strong>RAILWAY CONNECTION WITH MAIN SPANISH PORT (TECO)<\/strong>[\/vc_column_text][vc_empty_space height=&#8221;1.5em&#8221; alter_height=&#8221;none&#8221; hide_on_mobile=&#8221;&#8221;][vc_column_text]AM Cargo use the Spanish rail infrastructures (Renfe) for offering TECO service to customers.<\/p>\n<p>The service connects train terminals situated in interior locations of Spain with port terminals, allowing containers to arrive by train up to the dock.<\/p>\n<p>AM Cargo has the best tariffs from the main TECO terminals (Madrid and Zaragoza) and can secure the space on the trains in order to assure that your cargo arrives on time for sea connection.[\/vc_column_text][\/vc_column][\/vc_row][vc_row disable_element=&#8221;yes&#8221;][vc_column width=&#8221;1\/6&#8243;][\/vc_column][vc_column width=&#8221;2\/3&#8243; el_id=&#8221;presupuesto&#8221;][vc_empty_space height=&#8221;4.8em&#8221; alter_height=&#8221;none&#8221; hide_on_mobile=&#8221;&#8221;][vc_column_text]<\/p>\n<h3>Pide presupuesto sin compromiso<\/h3>\n<p>[\/vc_column_text][vc_empty_space height=&#8221;2em&#8221; alter_height=&#8221;none&#8221; hide_on_mobile=&#8221;&#8221;]<div role=\"form\" class=\"wpcf7\" id=\"wpcf7-f1308-o1\" lang=\"es-ES\" dir=\"ltr\">\n<div class=\"screen-reader-response\"><p role=\"status\" aria-live=\"polite\" aria-atomic=\"true\"><\/p> <ul><\/ul><\/div>\n<form action=\"\/en\/wp-json\/wp\/v2\/pages\/2309#wpcf7-f1308-o1\" method=\"post\" class=\"wpcf7-form init wpcf7-acceptance-as-validation\" novalidate=\"novalidate\" data-status=\"init\">\n<div style=\"display: none;\">\n<input type=\"hidden\" name=\"_wpcf7\" value=\"1308\" \/>\n<input type=\"hidden\" name=\"_wpcf7_version\" value=\"5.4.2\" \/>\n<input type=\"hidden\" name=\"_wpcf7_locale\" value=\"es_ES\" \/>\n<input type=\"hidden\" name=\"_wpcf7_unit_tag\" value=\"wpcf7-f1308-o1\" \/>\n<input type=\"hidden\" name=\"_wpcf7_container_post\" value=\"0\" \/>\n<input type=\"hidden\" name=\"_wpcf7_posted_data_hash\" value=\"\" \/>\n<input type=\"hidden\" name=\"_wpcf7cf_hidden_group_fields\" value=\"\" \/>\n<input type=\"hidden\" name=\"_wpcf7cf_hidden_groups\" value=\"\" \/>\n<input type=\"hidden\" name=\"_wpcf7cf_visible_groups\" value=\"\" \/>\n<input type=\"hidden\" name=\"_wpcf7cf_repeaters\" value=\"[]\" \/>\n<input type=\"hidden\" name=\"_wpcf7cf_steps\" value=\"{}\" \/>\n<input type=\"hidden\" name=\"_wpcf7cf_options\" value=\"{&quot;form_id&quot;:1308,&quot;conditions&quot;:[{&quot;then_field&quot;:&quot;valencia-group&quot;,&quot;and_rules&quot;:[{&quot;if_field&quot;:&quot;oficina&quot;,&quot;operator&quot;:&quot;equals&quot;,&quot;if_value&quot;:&quot;Central (Valencia)&quot;},{&quot;if_field&quot;:&quot;oficina&quot;,&quot;operator&quot;:&quot;equals&quot;,&quot;if_value&quot;:&quot;Alicante&quot;}]},{&quot;then_field&quot;:&quot;barcelona-group&quot;,&quot;and_rules&quot;:[{&quot;if_field&quot;:&quot;oficina&quot;,&quot;operator&quot;:&quot;equals&quot;,&quot;if_value&quot;:&quot;Barcelona&quot;}]},{&quot;then_field&quot;:&quot;bilbao-group&quot;,&quot;and_rules&quot;:[{&quot;if_field&quot;:&quot;oficina&quot;,&quot;operator&quot;:&quot;equals&quot;,&quot;if_value&quot;:&quot;Bilbao&quot;}]},{&quot;then_field&quot;:&quot;-1&quot;,&quot;and_rules&quot;:[{&quot;if_field&quot;:&quot;oficina&quot;,&quot;operator&quot;:&quot;equals&quot;,&quot;if_value&quot;:&quot;Alicante&quot;}]},{&quot;then_field&quot;:&quot;madrid-group&quot;,&quot;and_rules&quot;:[{&quot;if_field&quot;:&quot;oficina&quot;,&quot;operator&quot;:&quot;equals&quot;,&quot;if_value&quot;:&quot;Madrid&quot;}]},{&quot;then_field&quot;:&quot;zaragoza-group&quot;,&quot;and_rules&quot;:[{&quot;if_field&quot;:&quot;oficina&quot;,&quot;operator&quot;:&quot;equals&quot;,&quot;if_value&quot;:&quot;Zaragoza&quot;}]},{&quot;then_field&quot;:&quot;valencia-group&quot;,&quot;and_rules&quot;:[{&quot;if_field&quot;:&quot;email&quot;,&quot;operator&quot;:&quot;equals&quot;,&quot;if_value&quot;:&quot;Central (Valencia)&quot;}]},{&quot;then_field&quot;:&quot;barcelona-group&quot;,&quot;and_rules&quot;:[{&quot;if_field&quot;:&quot;email&quot;,&quot;operator&quot;:&quot;equals&quot;,&quot;if_value&quot;:&quot;Barcelona&quot;}]},{&quot;then_field&quot;:&quot;bilbao-group&quot;,&quot;and_rules&quot;:[{&quot;if_field&quot;:&quot;email&quot;,&quot;operator&quot;:&quot;equals&quot;,&quot;if_value&quot;:&quot;Bilbao&quot;},{&quot;if_field&quot;:&quot;email&quot;,&quot;operator&quot;:&quot;equals&quot;,&quot;if_value&quot;:&quot;Castellon&quot;}]},{&quot;then_field&quot;:&quot;madrid-group&quot;,&quot;and_rules&quot;:[{&quot;if_field&quot;:&quot;email&quot;,&quot;operator&quot;:&quot;equals&quot;,&quot;if_value&quot;:&quot;Madrid&quot;}]},{&quot;then_field&quot;:&quot;zaragoza-group&quot;,&quot;and_rules&quot;:[{&quot;if_field&quot;:&quot;email&quot;,&quot;operator&quot;:&quot;equals&quot;,&quot;if_value&quot;:&quot;Zaragoza&quot;}]}],&quot;settings&quot;:{&quot;animation&quot;:&quot;yes&quot;,&quot;animation_intime&quot;:200,&quot;animation_outtime&quot;:200,&quot;conditions_ui&quot;:&quot;normal&quot;,&quot;notice_dismissed&quot;:false,&quot;notice_dismissed_rollback-cf7-5.4.1&quot;:true}}\" \/>\n<\/div>\n<div class=\"columns_wrap\">\n<div class=\"column-1_2\"><span class=\"wpcf7-form-control-wrap fname\"><input type=\"text\" name=\"fname\" value=\"\" size=\"40\" class=\"wpcf7-form-control wpcf7-text wpcf7-validates-as-required\" aria-required=\"true\" aria-invalid=\"false\" placeholder=\"Nombre *\" \/><\/span><\/div>\n<div class=\"column-1_2\"><span class=\"wpcf7-form-control-wrap email\"><input type=\"email\" name=\"email\" value=\"\" size=\"40\" class=\"wpcf7-form-control wpcf7-text wpcf7-email wpcf7-validates-as-required wpcf7-validates-as-email\" aria-required=\"true\" aria-invalid=\"false\" placeholder=\"Email *\" \/><\/span><\/div>\n<div class=\"column-1_2\"><span class=\"wpcf7-form-control-wrap telefono\"><input type=\"tel\" name=\"telefono\" value=\"\" size=\"40\" class=\"wpcf7-form-control wpcf7-text wpcf7-tel wpcf7-validates-as-required wpcf7-validates-as-tel\" aria-required=\"true\" aria-invalid=\"false\" placeholder=\"Tel\u00e9fono *\" \/><\/span><\/div>\n<div class=\"column-1_2\"><span class=\"wpcf7-form-control-wrap oficina\"><select name=\"oficina\" class=\"wpcf7-form-control wpcf7-select wpcf7-validates-as-required\" aria-required=\"true\" aria-invalid=\"false\"><option value=\"\">---<\/option><option value=\"Central (Valencia)\">Central (Valencia)<\/option><option value=\"Barcelona\">Barcelona<\/option><option value=\"Bilbao\">Bilbao<\/option><option value=\"Alicante\">Alicante<\/option><option value=\"Madrid\">Madrid<\/option><option value=\"Zaragoza\">Zaragoza<\/option><\/select><\/span>Oficina de AMCARGO *<\/div>\n<div class=\"column-1_2\"><b><\/p>\n<div data-id=\"valencia-group\" data-orig_data_id=\"valencia-group\"  data-class=\"wpcf7cf_group\">Su correo se enviar\u00e1 a la oficina de VALENCIA<\/div>\n<div data-id=\"barcelona-group\" data-orig_data_id=\"barcelona-group\"  data-class=\"wpcf7cf_group\">Su correo se enviar\u00e1 a la oficina de BARCELONA<\/div>\n<div data-id=\"bilbao-group\" data-orig_data_id=\"bilbao-group\"  data-class=\"wpcf7cf_group\">Su correo se enviar\u00e1 a la oficina de BILBAO<\/div>\n<div data-id=\"Valencia-group\" data-orig_data_id=\"Valencia-group\"  data-class=\"wpcf7cf_group\">Su correo se enviar\u00e1 a la oficina de ALICANTE<\/div>\n<div data-id=\"madrid-group\" data-orig_data_id=\"madrid-group\"  data-class=\"wpcf7cf_group\">Su correo se enviar\u00e1 a la oficina de MADRID<\/div>\n<div data-id=\"zaragoza-group\" data-orig_data_id=\"zaragoza-group\"  data-class=\"wpcf7cf_group\">Su correo se enviar\u00e1 a la oficina de ZARAGOZA<\/div>\n<\/div>\n<p><\/b><\/p>\n<div class=\"column-1_1\"><span class=\"wpcf7-form-control-wrap empresa\"><input type=\"text\" name=\"empresa\" value=\"\" size=\"40\" class=\"wpcf7-form-control wpcf7-text\" aria-invalid=\"false\" placeholder=\"Empresa\" \/><\/span><\/div>\n<div class=\"column-1_1\"><span class=\"wpcf7-form-control-wrap Descripcion\"><textarea name=\"Descripcion\" cols=\"40\" rows=\"4\" class=\"wpcf7-form-control wpcf7-textarea wpcf7-validates-as-required\" aria-required=\"true\" aria-invalid=\"false\" placeholder=\"Describe tus necesidades*\"><\/textarea><\/span><\/div>\n<div class=\"column-1_1 column-mobile-full\"><span class=\"wpcf7-form-control-wrap accept-this\"><span class=\"wpcf7-form-control wpcf7-acceptance\"><span class=\"wpcf7-list-item\"><input type=\"checkbox\" name=\"accept-this\" value=\"1\" aria-invalid=\"false\" id=\"politica_privacidad_contacto\" \/><\/span><\/span><\/span> <label for=\"politica_privacidad_contacto\">Acepto la <a href=\"https:\/\/www.amcargo.es\/aviso-legal-y-politica-de-privacidad\/\" rel=\"nofollow\" target=\"_blank\">pol\u00edtica de privacidad<\/a> *<\/label><\/div>\n<div class=\"column-1_2 column-mobile-full text-right\"><small>* Los campos con asterisco son obligatorios<\/small><\/div>\n<div class=\"column-1_3 column-mobile-full enviarformulario text-left\"><input type=\"submit\" value=\"Solicitar\" class=\"wpcf7-form-control wpcf7-submit\" \/><\/div>\n<div class=\"column-2_3 column-mobile-full info_datos\">En cumplimiento de la normativa vigente en materia de protecci\u00f3n de datos le informamos que: <strong>El RESPONSABLE DEL TRATAMIENTO<\/strong> es AM CARGO LOGISTIC, S.L. (CIF B97131320) ubicado en Vicente Beltr\u00e1n Grimal 23 Entresuelo, Valencia, C.P. 46023. <strong>La FINALIDAD DEL TRATAMIENTO DE LOS DATOS<\/strong> es responder a las solicitudes de informaci\u00f3n recibidas. <strong>La base LEGITIMADORA DEL TRATAMIENTO<\/strong> es el consentimiento del interesado. <strong>Podr\u00e1 EJERCITAR SUS DERECHOS<\/strong> sobre protecci\u00f3n de datos (acceso, rectificaci\u00f3n, oposici\u00f3n, supresi\u00f3n, decisiones automatizadas, limitaci\u00f3n del tratamiento, portabilidad) por correo electr\u00f3nico en <a href=\"mailto:lpd@amcargo.es\">lpd@amcargo.es<\/a>. En cualquier caso, puede solicitar la tutela de la Agencia Espa\u00f1ola de Protecci\u00f3n de Datos a trav\u00e9s de su p\u00e1gina web  <a href=\"https:\/\/www.aepd.es\/\" rel=\"nofollow\" target=\"_blank\">www.aepd.es<\/a>. Puede consultar m\u00e1s informaci\u00f3n acerca de la pol\u00edtica de privacidad <a href=\"https:\/\/www.amcargo.es\/aviso-legal-y-politica-de-privacidad\/\" rel=\"nofollow\" target=\"_blank\">aqu\u00ed<\/a>. Puede descargar la pol\u00edtica de privacidad de Barcelona <a href=\"https:\/\/amcargo.es\/CALIDADBCN.pdf\" rel=\"nofollow\" target=\"_blank\">aqu\u00ed<\/a>.\n<input type=\"hidden\" name=\"formulario\" value=\"Formulario Contacto (es)\" class=\"wpcf7-form-control wpcf7-hidden\" \/>\n<input type=\"hidden\" name=\"idioma\" value=\"ES\" class=\"wpcf7-form-control wpcf7-hidden\" \/>\n<input type=\"hidden\" name=\"descripcion\" value=\"\" class=\"wpcf7-form-control wpcf7-hidden\" \/>\n<input type=\"hidden\" name=\"jetpackcrm-add\" value=\"jetpackcrm-add\" class=\"wpcf7-form-control wpcf7-hidden\" \/>\n<input type=\"hidden\" name=\"status\" value=\"Lead\" class=\"wpcf7-form-control wpcf7-hidden\" \/>\n<\/div>\n<\/div>\n<input type=\"hidden\" id=\"ct_checkjs_cf7_1ecfb463472ec9115b10c292ef8bc986\" name=\"ct_checkjs_cf7\" value=\"0\" \/><div class=\"wpcf7-response-output\" aria-hidden=\"true\"><\/div><\/form><\/div>[\/vc_column][vc_column width=&#8221;1\/6&#8243;][\/vc_column][\/vc_row]<\/p>\n","protected":false},"excerpt":{"rendered":"<p>[vc_row el_class=&#8221;pages-with-revolution-slider&#8221;][vc_column][rev_slider_vc alias=&#8221;en-servicio-transporte-terrestre-intermodal&#8221;][\/vc_column][\/vc_row][vc_row full_width=&#8221;stretch_row&#8221; css=&#8221;.vc_custom_1510334330955{margin-top: 40px !important;background-position: 0 0 !important;background-repeat: no-repeat !important;}&#8221;][vc_column offset=&#8221;vc_col-lg-offset-1 vc_col-lg-10 vc_col-xs-12&#8243;][vc_empty_space height=&#8221;1.8em&#8221; alter_height=&#8221;none&#8221; hide_on_mobile=&#8221;&#8221;][vc_column_text] Road Transport\/Intermodal [\/vc_column_text][vc_empty_space height=&#8221;2em&#8221; alter_height=&#8221;none&#8221; hide_on_mobile=&#8221;&#8221;][vc_column_text]WIDE FLEET OF TRUCKS[\/vc_column_text][vc_empty_space height=&#8221;1.5em&#8221; alter_height=&#8221;none&#8221; hide_on_mobile=&#8221;&#8221;][vc_column_text]AM Cargo covers its transport needs with its own fleet of 36 trucks and the indirect employment of more than 100 hauliers, which are working regularly &hellip;<\/p>\n<p class=\"read-more\"> <a class=\"\" href=\"https:\/\/www.amcargo.es\/en\/road-transport-intermodal\/\"> <span class=\"screen-reader-text\">Transporte Terrestre\/Intermodal (en)<\/span> Read More &raquo;<\/a><\/p>\n","protected":false},"author":6,"featured_media":0,"parent":0,"menu_order":0,"comment_status":"closed","ping_status":"closed","template":"","meta":[],"_links":{"self":[{"href":"https:\/\/www.amcargo.es\/en\/wp-json\/wp\/v2\/pages\/2309"}],"collection":[{"href":"https:\/\/www.amcargo.es\/en\/wp-json\/wp\/v2\/pages"}],"about":[{"href":"https:\/\/www.amcargo.es\/en\/wp-json\/wp\/v2\/types\/page"}],"author":[{"embeddable":true,"href":"https:\/\/www.amcargo.es\/en\/wp-json\/wp\/v2\/users\/6"}],"replies":[{"embeddable":true,"href":"https:\/\/www.amcargo.es\/en\/wp-json\/wp\/v2\/comments?post=2309"}],"version-history":[{"count":5,"href":"https:\/\/www.amcargo.es\/en\/wp-json\/wp\/v2\/pages\/2309\/revisions"}],"predecessor-version":[{"id":6319,"href":"https:\/\/www.amcargo.es\/en\/wp-json\/wp\/v2\/pages\/2309\/revisions\/6319"}],"wp:attachment":[{"href":"https:\/\/www.amcargo.es\/en\/wp-json\/wp\/v2\/media?parent=2309"}],"curies":[{"name":"wp","href":"https:\/\/api.w.org\/{rel}","templated":true}]}}